{"id":18,"date":"2023-10-20T14:28:50","date_gmt":"2023-10-20T12:28:50","guid":{"rendered":"https:\/\/digitalworklink.fr\/?page_id=18"},"modified":"2023-10-31T18:07:18","modified_gmt":"2023-10-31T16:07:18","slug":"accueil","status":"publish","type":"page","link":"https:\/\/digitalworklink.fr\/","title":{"rendered":"Accueil"},"content":{"rendered":"\n<div class=\"wp-block-cover alignfull is-light\" style=\"margin-top:var(--wp--preset--spacing--60);margin-bottom:var(--wp--preset--spacing--60);min-height:672px;aspect-ratio:unset;\"><span aria-hidden=\"true\" class=\"wp-block-cover__background has-background-dim-100 has-background-dim has-background-gradient\" style=\"background:linear-gradient(90deg,rgb(105,198,230) 0%,rgb(19,185,229) 73%,rgb(19,185,229) 100%)\"><\/span><div class=\"wp-block-cover__inner-container is-layout-flow wp-container-core-cover-is-layout-aee4e5c6 wp-block-cover-is-layout-flow\">\n<div class=\"inherit-container-width wp-block-group alignwide is-layout-constrained wp-block-group-is-layout-constrained\">\n<div class=\"wp-block-media-text alignwide has-media-on-the-right is-stacked-on-mobile is-vertically-aligned-center\" style=\"grid-template-columns:auto 41%\"><div class=\"wp-block-media-text__content\">\n<h1 class=\"wp-block-heading has-text-align-left\">Le num\u00e9rique ?<\/h1>\n\n\n\n<h1 class=\"wp-block-heading has-text-align-left\">un vrai plus pour votre entreprise !<\/h1>\n\n\n\n<p>Optimisez vos process, Facilitez la collaboration entre vous et entre vous et vos partenaires, Ma\u00eetrisez et Pilotez vos solutions num\u00e9riques.<\/p>\n\n\n\n<p>Fa\u00eetes de tous vos outils un levier d&rsquo;acc\u00e9l\u00e9ration au service de votre entreprise<\/p>\n\n\n\n<div class=\"wp-block-buttons is-layout-flex wp-block-buttons-is-layout-flex\">\n<div class=\"wp-block-button is-style-fill\"><a class=\"wp-block-button__link has-ast-global-color-5-color has-ast-global-color-1-background-color has-text-color has-background wp-element-button\" href=\"mailto:evelyne.canet@diwli.fr\" target=\"_blank\" rel=\"noreferrer noopener\">Contactez nous<\/a><\/div>\n<\/div>\n<\/div><figure class=\"wp-block-media-text__media\"><img loading=\"lazy\" decoding=\"async\" width=\"765\" height=\"691\" src=\"https:\/\/digitalworklink.fr\/wp-content\/uploads\/2023\/10\/Design-sans-titre-4-min.png\" alt=\"\" class=\"wp-image-49 size-full\" srcset=\"https:\/\/digitalworklink.fr\/wp-content\/uploads\/2023\/10\/Design-sans-titre-4-min.png 765w, https:\/\/digitalworklink.fr\/wp-content\/uploads\/2023\/10\/Design-sans-titre-4-min-300x271.png 300w\" sizes=\"auto, (max-width: 765px) 100vw, 765px\" \/><\/figure><\/div>\n<\/div>\n<\/div><\/div>\n\n\n\n<div class=\"wp-block-group alignfull has-ast-global-color-5-background-color has-background is-layout-constrained wp-container-core-group-is-layout-9cedb757 wp-block-group-is-layout-constrained\" style=\"padding-bottom:0px\">\n<div class=\"wp-block-columns are-vertically-aligned-top is-layout-flex wp-container-core-columns-is-layout-00723822 wp-block-columns-is-layout-flex\">\n<div class=\"wp-block-column is-vertically-aligned-top is-layout-flow wp-container-core-column-is-layout-6b73ce23 wp-block-column-is-layout-flow\">\n<figure class=\"wp-block-image size-full\"><img loading=\"lazy\" decoding=\"async\" width=\"62\" height=\"70\" src=\"https:\/\/digitalworklink.fr\/wp-content\/uploads\/2023\/10\/Calque-17-11@2x.png\" alt=\"\" class=\"wp-image-29\"\/><\/figure>\n\n\n\n<h3 class=\"wp-block-heading has-text-align-left\" style=\"margin-top:16px\">Ecoute<\/h3>\n\n\n\n<p class=\"has-text-align-left\">Vous apporter le meilleur conseil en vous \u00e9coutant nous parler de vos besoins<\/p>\n<\/div>\n\n\n\n<div class=\"wp-block-column is-vertically-aligned-top is-layout-flow wp-container-core-column-is-layout-6b73ce23 wp-block-column-is-layout-flow\">\n<figure class=\"wp-block-image size-full\"><img loading=\"lazy\" decoding=\"async\" width=\"57\" height=\"71\" src=\"https:\/\/digitalworklink.fr\/wp-content\/uploads\/2023\/10\/Calque-17-8@2x.png\" alt=\"\" class=\"wp-image-30\"\/><\/figure>\n\n\n\n<h3 class=\"wp-block-heading has-text-align-left\" style=\"margin-top:16px\">Expertise<\/h3>\n\n\n\n<p>Collaboration digitale,<br>Gouvernance<br>Num\u00e9rique responsable<br>Pilotage de projets<\/p>\n<\/div>\n\n\n\n<div class=\"wp-block-column is-vertically-aligned-top is-layout-flow wp-container-core-column-is-layout-6b73ce23 wp-block-column-is-layout-flow\">\n<figure class=\"wp-block-image size-full\"><img loading=\"lazy\" decoding=\"async\" width=\"58\" height=\"72\" src=\"https:\/\/digitalworklink.fr\/wp-content\/uploads\/2023\/10\/Calque-17-2@2x.png\" alt=\"\" class=\"wp-image-31\"\/><\/figure>\n\n\n\n<h3 class=\"wp-block-heading has-text-align-left\" style=\"margin-top:16px\">D\u00e9couverte<\/h3>\n\n\n\n<p class=\"has-text-align-left\">D\u00e9couvrir des solutions \u00e9tablies ensemble. <\/p>\n\n\n\n<p>Faciliter la prise en main..<\/p>\n<\/div>\n\n\n\n<div class=\"wp-block-column is-vertically-aligned-top is-layout-flow wp-container-core-column-is-layout-6b73ce23 wp-block-column-is-layout-flow\">\n<figure class=\"wp-block-image size-full\"><img loading=\"lazy\" decoding=\"async\" width=\"57\" height=\"72\" src=\"https:\/\/digitalworklink.fr\/wp-content\/uploads\/2023\/10\/Calque-17-4@2x.png\" alt=\"\" class=\"wp-image-32\"\/><\/figure>\n\n\n\n<h3 class=\"wp-block-heading has-text-align-left\" style=\"margin-top:16px\">Acc\u00e9l\u00e9rateur<\/h3>\n\n\n\n<p class=\"has-text-align-left\">Le num\u00e9rique comme levier d&rsquo;acc\u00e9l\u00e9ration de vos processus<\/p>\n<\/div>\n<\/div>\n<\/div>\n\n\n\n<div class=\"wp-block-group alignfull is-layout-constrained wp-container-core-group-is-layout-45b0ac4f wp-block-group-is-layout-constrained\" id=\"services\" style=\"padding-top:144px;padding-bottom:0px\">\n<h2 class=\"wp-block-heading\">Nos Services<\/h2>\n\n\n\n<div class=\"wp-block-columns is-layout-flex wp-container-core-columns-is-layout-60cbf9bb wp-block-columns-is-layout-flex\" style=\"margin-top:50px\">\n<div class=\"wp-block-column is-layout-flow wp-container-core-column-is-layout-6b73ce23 wp-block-column-is-layout-flow\">\n<figure class=\"wp-block-image alignfull size-full\"><img loading=\"lazy\" decoding=\"async\" width=\"300\" height=\"300\" src=\"https:\/\/digitalworklink.fr\/wp-content\/uploads\/2023\/10\/Conseil-PME-min-1.png\" alt=\"\" class=\"wp-image-70\" srcset=\"https:\/\/digitalworklink.fr\/wp-content\/uploads\/2023\/10\/Conseil-PME-min-1.png 300w, https:\/\/digitalworklink.fr\/wp-content\/uploads\/2023\/10\/Conseil-PME-min-1-150x150.png 150w\" sizes=\"auto, (max-width: 300px) 100vw, 300px\" \/><\/figure>\n\n\n\n<h3 class=\"wp-block-heading\" style=\"margin-top:16px\">Conseil aux PME<\/h3>\n\n\n\n<p>Appr\u00e9hender et optimiser les outils collaboratifs<\/p>\n\n\n\n<p>Choisir et accompagner la prise en main de solutions adapt\u00e9es \u00e0 votre quotidien<\/p>\n\n\n\n<p>S&rsquo;inscrire dans une feuille de route RSE<\/p>\n<\/div>\n\n\n\n<div class=\"wp-block-column is-layout-flow wp-container-core-column-is-layout-6b73ce23 wp-block-column-is-layout-flow\">\n<figure class=\"wp-block-image alignfull size-full\"><img loading=\"lazy\" decoding=\"async\" width=\"300\" height=\"300\" src=\"https:\/\/digitalworklink.fr\/wp-content\/uploads\/2023\/10\/Conseil-GC-min.png\" alt=\"\" class=\"wp-image-72\" srcset=\"https:\/\/digitalworklink.fr\/wp-content\/uploads\/2023\/10\/Conseil-GC-min.png 300w, https:\/\/digitalworklink.fr\/wp-content\/uploads\/2023\/10\/Conseil-GC-min-150x150.png 150w\" sizes=\"auto, (max-width: 300px) 100vw, 300px\" \/><\/figure>\n\n\n\n<h3 class=\"wp-block-heading\" style=\"margin-top:16px\">Pilotage et Gouvernance<\/h3>\n\n\n\n<p>Ajuster la gouvernance de votre Syst\u00e8me d&rsquo;information et de la data \u00e0 votre entreprise<\/p>\n\n\n\n<p>Piloter vos projets de transformation et d&rsquo;urbanisation de syst\u00e8me<\/p>\n<\/div>\n\n\n\n<div class=\"wp-block-column is-layout-flow wp-container-core-column-is-layout-6b73ce23 wp-block-column-is-layout-flow\">\n<figure class=\"wp-block-image alignfull size-full\"><img loading=\"lazy\" decoding=\"async\" width=\"300\" height=\"300\" src=\"https:\/\/digitalworklink.fr\/wp-content\/uploads\/2023\/10\/Service-Editeur-Logiciel.png\" alt=\"\" class=\"wp-image-73\" srcset=\"https:\/\/digitalworklink.fr\/wp-content\/uploads\/2023\/10\/Service-Editeur-Logiciel.png 300w, https:\/\/digitalworklink.fr\/wp-content\/uploads\/2023\/10\/Service-Editeur-Logiciel-150x150.png 150w\" sizes=\"auto, (max-width: 300px) 100vw, 300px\" \/><\/figure>\n\n\n\n<h3 class=\"wp-block-heading\" style=\"margin-top:16px\">Solution num\u00e9rique<\/h3>\n\n\n\n<p>Des solutions sur mesure pour faciliter votre quotidien<\/p>\n\n\n\n<p>DiwLi notre solution pour collaborer entre entreprises. <a href=\"https:\/\/diwli.fr\" data-type=\"link\" data-id=\"https:\/\/diwli.fr\">En savoir plus&#8230;<\/a><\/p>\n<\/div>\n<\/div>\n<\/div>\n\n\n\n<div class=\"wp-block-group alignfull has-ast-global-color-5-background-color has-background is-layout-constrained wp-container-core-group-is-layout-94d206d0 wp-block-group-is-layout-constrained\" id=\"about\" style=\"padding-top:143px;padding-bottom:144px\">\n<div class=\"wp-block-media-text has-media-on-the-right is-stacked-on-mobile is-vertically-aligned-center\" style=\"padding-top:0;padding-right:0;padding-bottom:0;padding-left:0;grid-template-columns:auto 44%\"><div class=\"wp-block-media-text__content\">\n<div class=\"inherit-container-width wp-block-group is-layout-constrained wp-container-core-group-is-layout-47ce07ec wp-block-group-is-layout-constrained\" style=\"padding-right:80px\">\n<h2 class=\"wp-block-heading\" style=\"padding-right:40px\">Nous acc\u00e9l\u00e9rons votre transition num\u00e9rique et responsable<\/h2>\n\n\n\n<p>Chaque entreprise est unique. Nous \u00e9laborons des strat\u00e9gies sur mesure en fonction de vos besoins sp\u00e9cifiques, garantissant ainsi des r\u00e9sultats optimaux.<\/p>\n\n\n\n<p>Nous nous engageons dans un accompagnement sur-mesure \u00e0 votre rythme dans le respect des politiques, r\u00e9glementations en enjeux environnementaux<\/p>\n\n\n\n<p>Un engagement pour devenir un partenaire de confiance sur lequel vous pouvez compter d\u00e8s aujourd&rsquo;hui et sur du long terme<\/p>\n<\/div>\n<\/div><figure class=\"wp-block-media-text__media\"><img loading=\"lazy\" decoding=\"async\" width=\"500\" height=\"500\" src=\"https:\/\/digitalworklink.fr\/wp-content\/uploads\/2023\/10\/LesAssocies.png\" alt=\"\" class=\"wp-image-78 size-full\" srcset=\"https:\/\/digitalworklink.fr\/wp-content\/uploads\/2023\/10\/LesAssocies.png 500w, https:\/\/digitalworklink.fr\/wp-content\/uploads\/2023\/10\/LesAssocies-300x300.png 300w, https:\/\/digitalworklink.fr\/wp-content\/uploads\/2023\/10\/LesAssocies-150x150.png 150w\" sizes=\"auto, (max-width: 500px) 100vw, 500px\" \/><\/figure><\/div>\n<\/div>\n\n\n\n<div class=\"wp-block-group alignfull has-ast-global-color-4-background-color has-background is-layout-constrained wp-container-core-group-is-layout-6a2cfb7b wp-block-group-is-layout-constrained\" id=\"reviews\">\n<figure class=\"wp-block-image aligncenter size-full\"><img decoding=\"async\" src=\"https:\/\/digitalworklink.fr\/wp-content\/themes\/astra\/inc\/assets\/images\/starter-content\/avatar.png\" alt=\"\" class=\"wp-image-235\"\/><\/figure>\n\n\n\n<p class=\"has-text-align-center\" style=\"font-size:22px;line-height:1.6\">\u201cLeur bienveillance et leur expertise a permis de r\u00e9aliser une application dans un d\u00e9lai incroyable.\u201d<\/p>\n\n\n\n<p class=\"has-text-align-center\">Responsable Commercial<\/p>\n<\/div>\n\n\n\n<div class=\"wp-block-group alignfull is-layout-constrained wp-container-core-group-is-layout-3fee123f wp-block-group-is-layout-constrained\" id=\"whyus\" style=\"padding-top:144px;padding-bottom:144px\">\n<h2 class=\"wp-block-heading\">Pourquoi nous choisir<\/h2>\n\n\n\n<div class=\"wp-block-columns is-layout-flex wp-container-core-columns-is-layout-29aadeec wp-block-columns-is-layout-flex\" style=\"margin-top:60px\">\n<div class=\"wp-block-column is-layout-flow wp-container-core-column-is-layout-6b73ce23 wp-block-column-is-layout-flow\">\n<figure class=\"wp-block-image size-full\"><img loading=\"lazy\" decoding=\"async\" width=\"67\" height=\"65\" src=\"https:\/\/digitalworklink.fr\/wp-content\/uploads\/2023\/10\/Calque-17-19@2x.png\" alt=\"\" class=\"wp-image-58\"\/><\/figure>\n\n\n\n<h3 class=\"wp-block-heading\" style=\"margin-top:16px\">Enthousiastes<\/h3>\n\n\n\n<p>Nous sommes enthousiastes dans la d\u00e9couverte de nouvelles entreprises, nouveaux proc\u00e9d\u00e9s, nouveaux secteurs pour apporter les b\u00e9n\u00e9fices du num\u00e9rique \u00e0 tous<\/p>\n<\/div>\n\n\n\n<div class=\"wp-block-column is-layout-flow wp-container-core-column-is-layout-6b73ce23 wp-block-column-is-layout-flow\">\n<figure class=\"wp-block-image size-full\"><img loading=\"lazy\" decoding=\"async\" width=\"57\" height=\"73\" src=\"https:\/\/digitalworklink.fr\/wp-content\/uploads\/2023\/10\/Calque-17@2x.png\" alt=\"\" class=\"wp-image-59\"\/><\/figure>\n\n\n\n<h3 class=\"wp-block-heading\" style=\"margin-top:16px\">Engag\u00e9s<\/h3>\n\n\n\n<p>Nous nous engageons dans le num\u00e9rique responsable dans le d\u00e9veloppement de nos solutions, dans nos conseils, dans la r\u00e9ussite de nos\/vos projets<\/p>\n<\/div>\n\n\n\n<div class=\"wp-block-column is-layout-flow wp-container-core-column-is-layout-6b73ce23 wp-block-column-is-layout-flow\">\n<figure class=\"wp-block-image size-full\"><img loading=\"lazy\" decoding=\"async\" width=\"70\" height=\"67\" src=\"https:\/\/digitalworklink.fr\/wp-content\/uploads\/2023\/10\/Calque-17-12@2x.png\" alt=\"\" class=\"wp-image-60\"\/><\/figure>\n\n\n\n<h3 class=\"wp-block-heading\" style=\"margin-top:16px\">Innovants<\/h3>\n\n\n\n<p>A l&rsquo;\u00e9coute des tendances, nous recherchons pour vous les solutions innovantes, facilitant votre travail et la collaboration essentielle de votre quotidien<\/p>\n<\/div>\n<\/div>\n<\/div>\n\n\n\n<div class=\"wp-block-group alignfull has-background is-layout-constrained wp-container-core-group-is-layout-cfcca693 wp-block-group-is-layout-constrained\" id=\"contact\" style=\"background:linear-gradient(35deg,rgb(105,198,230) 0%,rgb(105,198,230) 64%,rgb(19,185,229) 98%);padding-top:104px;padding-bottom:104px\">\n<h2 class=\"wp-block-heading has-text-align-center has-text-color\" style=\"color:#ffffff\">A votre \u00e9coute pour vous accompagner<\/h2>\n\n\n\n<p class=\"has-text-align-center has-ast-global-color-5-color has-text-color\"><strong>Pour que collaborer avec votre \u00e9cosyst\u00e8me soit aussi naturel qu&rsquo;un simple clic<\/strong><\/p>\n\n\n\n<div class=\"wp-block-buttons alignwide is-horizontal is-content-justification-center is-layout-flex wp-container-core-buttons-is-layout-bba8380a wp-block-buttons-is-layout-flex\" style=\"margin-top:50px\">\n<div class=\"wp-block-button\"><a class=\"wp-block-button__link has-ast-global-color-5-color has-text-color wp-element-button\" href=\"mailto:evelyne.canet@diwli.fr\" target=\"_blank\" rel=\"noreferrer noopener\">Nous contacter<\/a><\/div>\n<\/div>\n<\/div>\n","protected":false},"excerpt":{"rendered":"<p>Ecoute Vous apporter le meilleur conseil en vous \u00e9coutant nous parler de vos besoins Expertise Collaboration digitale,GouvernanceNum\u00e9rique responsablePilotage de projets D\u00e9couverte D\u00e9couvrir des solutions \u00e9tablies ensemble. Faciliter la prise en main.. Acc\u00e9l\u00e9rateur Le num\u00e9rique comme levier d&rsquo;acc\u00e9l\u00e9ration de vos processus Nos Services Conseil aux PME Appr\u00e9hender et optimiser les outils collaboratifs Choisir et accompagner la [&hellip;]<\/p>\n","protected":false},"author":1,"featured_media":0,"parent":0,"menu_order":0,"comment_status":"closed","ping_status":"closed","template":"","meta":{"_uag_custom_page_level_css":"","site-sidebar-layout":"no-sidebar","site-content-layout":"plain-container","ast-site-content-layout":"normal-width-container","site-content-style":"unboxed","site-sidebar-style":"unboxed","ast-global-header-display":"","ast-banner-title-visibility":"","ast-main-header-display":"","ast-hfb-above-header-display":"","ast-hfb-below-header-display":"","ast-hfb-mobile-header-display":"","site-post-title":"disabled","ast-breadcrumbs-content":"","ast-featured-img":"","footer-sml-layout":"","ast-disable-related-posts":"","theme-transparent-header-meta":"enabled","adv-header-id-meta":"","stick-header-meta":"","header-above-stick-meta":"","header-main-stick-meta":"","header-below-stick-meta":"","astra-migrate-meta-layouts":"set","ast-page-background-enabled":"default","ast-page-background-meta":{"desktop":{"background-color":"var(--ast-global-color-4)","background-image":"","background-repeat":"repeat","background-position":"center center","background-size":"auto","background-attachment":"scroll","background-type":"","background-media":"","overlay-type":"","overlay-color":"","overlay-opacity":"","overlay-gradient":""},"tablet":{"background-color":"","background-image":"","background-repeat":"repeat","background-position":"center center","background-size":"auto","background-attachment":"scroll","background-type":"","background-media":"","overlay-type":"","overlay-color":"","overlay-opacity":"","overlay-gradient":""},"mobile":{"background-color":"","background-image":"","background-repeat":"repeat","background-position":"center center","background-size":"auto","background-attachment":"scroll","background-type":"","background-media":"","overlay-type":"","overlay-color":"","overlay-opacity":"","overlay-gradient":""}},"ast-content-background-meta":{"desktop":{"background-color":"var(--ast-global-color-5)","background-image":"","background-repeat":"repeat","background-position":"center center","background-size":"auto","background-attachment":"scroll","background-type":"","background-media":"","overlay-type":"","overlay-color":"","overlay-opacity":"","overlay-gradient":""},"tablet":{"background-color":"var(--ast-global-color-5)","background-image":"","background-repeat":"repeat","background-position":"center center","background-size":"auto","background-attachment":"scroll","background-type":"","background-media":"","overlay-type":"","overlay-color":"","overlay-opacity":"","overlay-gradient":""},"mobile":{"background-color":"var(--ast-global-color-5)","background-image":"","background-repeat":"repeat","background-position":"center center","background-size":"auto","background-attachment":"scroll","background-type":"","background-media":"","overlay-type":"","overlay-color":"","overlay-opacity":"","overlay-gradient":""}},"footnotes":""},"class_list":["post-18","page","type-page","status-publish","hentry"],"uagb_featured_image_src":{"full":false,"thumbnail":false,"medium":false,"medium_large":false,"large":false,"1536x1536":false,"2048x2048":false},"uagb_author_info":{"display_name":"admin","author_link":"https:\/\/digitalworklink.fr\/?author=1"},"uagb_comment_info":0,"uagb_excerpt":"Ecoute Vous apporter le meilleur conseil en vous \u00e9coutant nous parler de vos besoins Expertise Collaboration digitale,GouvernanceNum\u00e9rique responsablePilotage de projets D\u00e9couverte D\u00e9couvrir des solutions \u00e9tablies ensemble. Faciliter la prise en main.. Acc\u00e9l\u00e9rateur Le num\u00e9rique comme levier d&rsquo;acc\u00e9l\u00e9ration de vos processus Nos Services Conseil aux PME Appr\u00e9hender et optimiser les outils collaboratifs Choisir et accompagner la\u2026","jetpack_sharing_enabled":true,"_links":{"self":[{"href":"https:\/\/digitalworklink.fr\/index.php?rest_route=\/wp\/v2\/pages\/18","targetHints":{"allow":["GET"]}}],"collection":[{"href":"https:\/\/digitalworklink.fr\/index.php?rest_route=\/wp\/v2\/pages"}],"about":[{"href":"https:\/\/digitalworklink.fr\/index.php?rest_route=\/wp\/v2\/types\/page"}],"author":[{"embeddable":true,"href":"https:\/\/digitalworklink.fr\/index.php?rest_route=\/wp\/v2\/users\/1"}],"replies":[{"embeddable":true,"href":"https:\/\/digitalworklink.fr\/index.php?rest_route=%2Fwp%2Fv2%2Fcomments&post=18"}],"version-history":[{"count":19,"href":"https:\/\/digitalworklink.fr\/index.php?rest_route=\/wp\/v2\/pages\/18\/revisions"}],"predecessor-version":[{"id":91,"href":"https:\/\/digitalworklink.fr\/index.php?rest_route=\/wp\/v2\/pages\/18\/revisions\/91"}],"wp:attachment":[{"href":"https:\/\/digitalworklink.fr\/index.php?rest_route=%2Fwp%2Fv2%2Fmedia&parent=18"}],"curies":[{"name":"wp","href":"https:\/\/api.w.org\/{rel}","templated":true}]}}